{"id":13,"date":"2020-02-09T11:46:50","date_gmt":"2020-02-09T11:46:50","guid":{"rendered":"http:\/\/birnbeiml.de\/?page_id=13"},"modified":"2020-02-10T22:04:07","modified_gmt":"2020-02-10T22:04:07","slug":"geschichte","status":"publish","type":"page","link":"https:\/\/birnbeiml.de\/","title":{"rendered":"Geschichte"},"content":{"rendered":"\n<p>Das &#8222;Birnbeiml&#8220; &#8211; Ruhe und Aussicht auf dem Dreifaltigkeitsberg in Muglhof bei Weiden i.d.OPf.<\/p>\n\n\n\n<p>Der Hl. Dreifaltigkeitsberg (631 Meter \u00fcber NN) liegt im Naturpark N\u00f6rdlicher Oberpf\u00e4lzer Wald zwischen den beiden Ortschaften Muglhof und Matzlesrieth. <\/p>\n\n\n\n<p>Bemerkenswert  ist die markante Anh\u00f6he im Stadtgebiet von Weiden i.d.Opf. wegen ihrer grandiosen Aussicht \u00fcber das Naabtal und auf den Oberpf\u00e4lzer Wald.<\/p>\n\n\n\n<p>Trutzig erhebt sich die <a rel=\"noreferrer noopener\" aria-label=\"Burg Leuchtenberg (\u00f6ffnet in neuem Tab)\" href=\"https:\/\/www.oberpfaelzerwald.de\/natur-navi\/details-content.php?guid=p_10603\" target=\"_blank\">Burg Leuchtenberg<\/a> im S\u00fcden, im Osten lugt die Wallfahrtskirche auf dem Fahrenberg hervor. Unterhalb der Burg Leuchtenberg  befindet sich das wildromatische <a rel=\"noreferrer noopener\" aria-label=\"Lerautal mit der sehenswerten Wolfslohklamm (\u00f6ffnet in neuem Tab)\" href=\"https:\/\/www.oberpfaelzerwald.de\/natur-navi\/details-content.php?guid=p_20150\" target=\"_blank\">Lerautal mit der sehenswerten Wolfslohklamm<\/a>.<br><br>Im Westen kann der Blick oft bis in die Fr\u00e4nkische Schweiz, die Hersbrucker Alb und ins N\u00fcrnberger Land schweifen. <\/p>\n\n\n\n<p>Auf dieser Anh\u00f6he trotzt seit Jahrzehnten dem rauhen b\u00f6hmischen Wind ein Baum, der von den Einheimischen das &#8222;Birnbeiml&#8220; genannt wird.<\/p>\n\n\n\n<p>Beim &#8222;Birnbeiml&#8220; handelt es allerdings nicht um einen Birnbaum, sondern um einen Bergahorn. Gepflanzt wurde der Baum 1920 von Georg Hilburger aus Muglhof aus Dankbarkeit f\u00fcr seine unversehrte R\u00fcckkehr aus dem 1. Weltkrieg und der franz\u00f6sischen Kriegsgefangenschaft.<\/p>\n\n\n\n<p>Zus\u00e4tzliche Informationen gibt es auch im <a href=\"https:\/\/oberpfaelzerwald.de\/natur-navi\/details-content.php?guid=p_100038224\" target=\"_blank\" rel=\"noreferrer noopener\" aria-label=\"Natur-Navi Oberpf\u00e4lzer Wald. (\u00f6ffnet in neuem Tab)\">Natur-Navi Oberpf\u00e4lzer Wald.<\/a><\/p>\n","protected":false},"excerpt":{"rendered":"<p>Das &#8222;Birnbeiml&#8220; &#8211; Ruhe und Aussicht auf dem Dreifaltigkeitsberg in Muglhof bei Weiden i.d.OPf. Der Hl. Dreifaltigkeitsberg (631 Meter \u00fcber NN) liegt im Naturpark N\u00f6rdlicher Oberpf\u00e4lzer Wald zwischen den beiden Ortschaften Muglhof und Matzlesrieth. Bemerkenswert ist die markante Anh\u00f6he im Stadtgebiet von Weiden i.d.Opf. wegen ihrer grandiosen Aussicht \u00fcber das Naabtal und auf den Oberpf\u00e4lzer [&hellip;]<\/p>\n","protected":false},"author":1,"featured_media":0,"parent":0,"menu_order":0,"comment_status":"closed","ping_status":"closed","template":"","meta":{"footnotes":""},"class_list":["post-13","page","type-page","status-publish","hentry"],"yoast_head":"<!-- This site is optimized with the Yoast SEO plugin v24.2 - https:\/\/yoast.com\/wordpress\/plugins\/seo\/ -->\n<title>Geschichte - Birnbeiml - Dreifaltigkeitsberg<\/title>\n<meta name=\"robots\" content=\"index, follow, max-snippet:-1, max-image-preview:large, max-video-preview:-1\" \/>\n<link rel=\"canonical\" href=\"https:\/\/birnbeiml.de\/\" \/>\n<meta property=\"og:locale\" content=\"de_DE\" \/>\n<meta property=\"og:type\" content=\"article\" \/>\n<meta property=\"og:title\" content=\"Geschichte - Birnbeiml - Dreifaltigkeitsberg\" \/>\n<meta property=\"og:description\" content=\"Das &#8222;Birnbeiml&#8220; &#8211; Ruhe und Aussicht auf dem Dreifaltigkeitsberg in Muglhof bei Weiden i.d.OPf. Der Hl. Dreifaltigkeitsberg (631 Meter \u00fcber NN) liegt im Naturpark N\u00f6rdlicher Oberpf\u00e4lzer Wald zwischen den beiden Ortschaften Muglhof und Matzlesrieth. Bemerkenswert ist die markante Anh\u00f6he im Stadtgebiet von Weiden i.d.Opf. wegen ihrer grandiosen Aussicht \u00fcber das Naabtal und auf den Oberpf\u00e4lzer [&hellip;]\" \/>\n<meta property=\"og:url\" content=\"https:\/\/birnbeiml.de\/\" \/>\n<meta property=\"og:site_name\" content=\"Birnbeiml - Dreifaltigkeitsberg\" \/>\n<meta property=\"article:modified_time\" content=\"2020-02-10T22:04:07+00:00\" \/>\n<meta name=\"twitter:card\" content=\"summary_large_image\" \/>\n<meta name=\"twitter:label1\" content=\"Gesch\u00e4tzte Lesezeit\" \/>\n\t<meta name=\"twitter:data1\" content=\"1\u00a0Minute\" \/>\n<script type=\"application\/ld+json\" class=\"yoast-schema-graph\">{\"@context\":\"https:\/\/schema.org\",\"@graph\":[{\"@type\":\"WebPage\",\"@id\":\"https:\/\/birnbeiml.de\/\",\"url\":\"https:\/\/birnbeiml.de\/\",\"name\":\"Geschichte - Birnbeiml - Dreifaltigkeitsberg\",\"isPartOf\":{\"@id\":\"https:\/\/birnbeiml.de\/#website\"},\"datePublished\":\"2020-02-09T11:46:50+00:00\",\"dateModified\":\"2020-02-10T22:04:07+00:00\",\"breadcrumb\":{\"@id\":\"https:\/\/birnbeiml.de\/#breadcrumb\"},\"inLanguage\":\"de\",\"potentialAction\":[{\"@type\":\"ReadAction\",\"target\":[\"https:\/\/birnbeiml.de\/\"]}]},{\"@type\":\"BreadcrumbList\",\"@id\":\"https:\/\/birnbeiml.de\/#breadcrumb\",\"itemListElement\":[{\"@type\":\"ListItem\",\"position\":1,\"name\":\"Startseite\",\"item\":\"https:\/\/birnbeiml.de\/\"},{\"@type\":\"ListItem\",\"position\":2,\"name\":\"Geschichte\"}]},{\"@type\":\"WebSite\",\"@id\":\"https:\/\/birnbeiml.de\/#website\",\"url\":\"https:\/\/birnbeiml.de\/\",\"name\":\"Birnbeiml Dreifaltigkeitsberg\",\"description\":\"Dreifaltigkeitsberg bei Muglhof \/ Weiden i.d.OPf. im Naturpark N\u00f6rdlicher Oberpf\u00e4lzer Wald\",\"potentialAction\":[{\"@type\":\"SearchAction\",\"target\":{\"@type\":\"EntryPoint\",\"urlTemplate\":\"https:\/\/birnbeiml.de\/?s={search_term_string}\"},\"query-input\":{\"@type\":\"PropertyValueSpecification\",\"valueRequired\":true,\"valueName\":\"search_term_string\"}}],\"inLanguage\":\"de\"}]}<\/script>\n<!-- \/ Yoast SEO plugin. -->","yoast_head_json":{"title":"Geschichte - Birnbeiml - Dreifaltigkeitsberg","robots":{"index":"index","follow":"follow","max-snippet":"max-snippet:-1","max-image-preview":"max-image-preview:large","max-video-preview":"max-video-preview:-1"},"canonical":"https:\/\/birnbeiml.de\/","og_locale":"de_DE","og_type":"article","og_title":"Geschichte - Birnbeiml - Dreifaltigkeitsberg","og_description":"Das &#8222;Birnbeiml&#8220; &#8211; Ruhe und Aussicht auf dem Dreifaltigkeitsberg in Muglhof bei Weiden i.d.OPf. Der Hl. Dreifaltigkeitsberg (631 Meter \u00fcber NN) liegt im Naturpark N\u00f6rdlicher Oberpf\u00e4lzer Wald zwischen den beiden Ortschaften Muglhof und Matzlesrieth. Bemerkenswert ist die markante Anh\u00f6he im Stadtgebiet von Weiden i.d.Opf. wegen ihrer grandiosen Aussicht \u00fcber das Naabtal und auf den Oberpf\u00e4lzer [&hellip;]","og_url":"https:\/\/birnbeiml.de\/","og_site_name":"Birnbeiml - Dreifaltigkeitsberg","article_modified_time":"2020-02-10T22:04:07+00:00","twitter_card":"summary_large_image","twitter_misc":{"Gesch\u00e4tzte Lesezeit":"1\u00a0Minute"},"schema":{"@context":"https:\/\/schema.org","@graph":[{"@type":"WebPage","@id":"https:\/\/birnbeiml.de\/","url":"https:\/\/birnbeiml.de\/","name":"Geschichte - Birnbeiml - Dreifaltigkeitsberg","isPartOf":{"@id":"https:\/\/birnbeiml.de\/#website"},"datePublished":"2020-02-09T11:46:50+00:00","dateModified":"2020-02-10T22:04:07+00:00","breadcrumb":{"@id":"https:\/\/birnbeiml.de\/#breadcrumb"},"inLanguage":"de","potentialAction":[{"@type":"ReadAction","target":["https:\/\/birnbeiml.de\/"]}]},{"@type":"BreadcrumbList","@id":"https:\/\/birnbeiml.de\/#breadcrumb","itemListElement":[{"@type":"ListItem","position":1,"name":"Startseite","item":"https:\/\/birnbeiml.de\/"},{"@type":"ListItem","position":2,"name":"Geschichte"}]},{"@type":"WebSite","@id":"https:\/\/birnbeiml.de\/#website","url":"https:\/\/birnbeiml.de\/","name":"Birnbeiml Dreifaltigkeitsberg","description":"Dreifaltigkeitsberg bei Muglhof \/ Weiden i.d.OPf. im Naturpark N\u00f6rdlicher Oberpf\u00e4lzer Wald","potentialAction":[{"@type":"SearchAction","target":{"@type":"EntryPoint","urlTemplate":"https:\/\/birnbeiml.de\/?s={search_term_string}"},"query-input":{"@type":"PropertyValueSpecification","valueRequired":true,"valueName":"search_term_string"}}],"inLanguage":"de"}]}},"_links":{"self":[{"href":"https:\/\/birnbeiml.de\/index.php?rest_route=\/wp\/v2\/pages\/13","targetHints":{"allow":["GET"]}}],"collection":[{"href":"https:\/\/birnbeiml.de\/index.php?rest_route=\/wp\/v2\/pages"}],"about":[{"href":"https:\/\/birnbeiml.de\/index.php?rest_route=\/wp\/v2\/types\/page"}],"author":[{"embeddable":true,"href":"https:\/\/birnbeiml.de\/index.php?rest_route=\/wp\/v2\/users\/1"}],"replies":[{"embeddable":true,"href":"https:\/\/birnbeiml.de\/index.php?rest_route=%2Fwp%2Fv2%2Fcomments&post=13"}],"version-history":[{"count":11,"href":"https:\/\/birnbeiml.de\/index.php?rest_route=\/wp\/v2\/pages\/13\/revisions"}],"predecessor-version":[{"id":125,"href":"https:\/\/birnbeiml.de\/index.php?rest_route=\/wp\/v2\/pages\/13\/revisions\/125"}],"wp:attachment":[{"href":"https:\/\/birnbeiml.de\/index.php?rest_route=%2Fwp%2Fv2%2Fmedia&parent=13"}],"curies":[{"name":"wp","href":"https:\/\/api.w.org\/{rel}","templated":true}]}}