{"id":16,"date":"2020-02-09T11:49:44","date_gmt":"2020-02-09T11:49:44","guid":{"rendered":"http:\/\/birnbeiml.de\/?page_id=16"},"modified":"2020-02-09T11:49:45","modified_gmt":"2020-02-09T11:49:45","slug":"kapelle","status":"publish","type":"page","link":"https:\/\/birnbeiml.de\/?page_id=16","title":{"rendered":"Kapelle"},"content":{"rendered":"\n<p>Die Kapelle auf dem Hl. Dreifaltigkeitsberg bei Muglhof<br><br>Die Kapelle und der Baum stehen in stiller Eintracht nebeneinander, als w\u00fcrden sie dies schon seit jeher tun. Dabei wurde die Kapelle erst Ende des vergangenen Jahrhunderts unter der Bautr\u00e4gerschaft des Oberpf\u00e4lzer Waldvereins errichtet.<br><br>Am 05.09.1993 fand, im Rahmen einer Festwoche zur 950-Jahr-Feier der umliegenden Ortschaften Trauschendorf, Muglhof und Matzlesrieth die Einweihung der kleinen Kapelle auf dem Dreifaltigkeitsberg statt.<br><\/p>\n\n\n\n<p>Ein Gedenkstein des wohl ber\u00fchmtesten B\u00fcrgers von Muglhof, Georg Christoph Ferdinand von R\u00e4sewitz  wurde aus seinem inzwischen l\u00e4ngst abgebrochenen Muglhofer Schloss in den Giebel der kleinen Kapelle eingesetzt.<br><\/p>\n\n\n\n<p>F\u00fcr die Innenausstattung konnte der Weidener K\u00fcnstler G\u00fcnter Mauermann gewonnen werden, der die Kapelle mit einer Darstellung der Heiligen Dreifaltigkeit vervollkommnet hat.<br><\/p>\n\n\n\n<p>Die beiden Figuren im Vorraum der Kapelle weisen auf die urkundliche Erstnennung hin, in der die Ortschaften Trauschendorf, Muglhof und Matzlesrieth auf Gesuch der seligen Gisela, von ihrem Sohn, Kaiser Heinrich dem III., an einen gewissen Behringer verschenkt wurden.<br><\/p>\n\n\n\n<p>Der Vorbau der Dreifaltigkeitskapelle wurde zum Schutz vor den extremen Witterungsverh\u00e4ltnissen im Jahre 2001 angebaut. Im gleichen Zug wurden auch die Gedenktafel an der R\u00fcckwand der Kapelle, sowie die Orientierungstafel angebracht.<br><\/p>\n\n\n\n<p>Ge\u00f6ffnet ist die Kapelle an Sonn- und Feiertagen. Jedem Sonntag nach Pfingsten findet an der Kapelle ein Freiluftgottestdienst statt. Dieser Gottesdienst ist auch jeweils das Ziel der Weidener Stadtwallfahrt, die von der Heiligen Staude zum Dreifaltigkeitsberg f\u00fchrt. Im Anschluss an den Gottesdienst wird durch den Oberpf\u00e4lzer Waldverein f\u00fcr eine St\u00e4rkung gesorgt.<\/p>\n","protected":false},"excerpt":{"rendered":"<p>Die Kapelle auf dem Hl. Dreifaltigkeitsberg bei Muglhof Die Kapelle und der Baum stehen in stiller Eintracht nebeneinander, als w\u00fcrden sie dies schon seit jeher tun. Dabei wurde die Kapelle erst Ende des vergangenen Jahrhunderts unter der Bautr\u00e4gerschaft des Oberpf\u00e4lzer Waldvereins errichtet. Am 05.09.1993 fand, im Rahmen einer Festwoche zur 950-Jahr-Feier der umliegenden Ortschaften Trauschendorf, [&hellip;]<\/p>\n","protected":false},"author":1,"featured_media":0,"parent":0,"menu_order":0,"comment_status":"closed","ping_status":"closed","template":"","meta":{"footnotes":""},"class_list":["post-16","page","type-page","status-publish","hentry"],"yoast_head":"<!-- This site is optimized with the Yoast SEO plugin v24.2 - https:\/\/yoast.com\/wordpress\/plugins\/seo\/ -->\n<title>Kapelle - Birnbeiml - Dreifaltigkeitsberg<\/title>\n<meta name=\"robots\" content=\"index, follow, max-snippet:-1, max-image-preview:large, max-video-preview:-1\" \/>\n<link rel=\"canonical\" href=\"https:\/\/birnbeiml.de\/?page_id=16\" \/>\n<meta property=\"og:locale\" content=\"de_DE\" \/>\n<meta property=\"og:type\" content=\"article\" \/>\n<meta property=\"og:title\" content=\"Kapelle - Birnbeiml - Dreifaltigkeitsberg\" \/>\n<meta property=\"og:description\" content=\"Die Kapelle auf dem Hl. Dreifaltigkeitsberg bei Muglhof Die Kapelle und der Baum stehen in stiller Eintracht nebeneinander, als w\u00fcrden sie dies schon seit jeher tun. Dabei wurde die Kapelle erst Ende des vergangenen Jahrhunderts unter der Bautr\u00e4gerschaft des Oberpf\u00e4lzer Waldvereins errichtet. Am 05.09.1993 fand, im Rahmen einer Festwoche zur 950-Jahr-Feier der umliegenden Ortschaften Trauschendorf, [&hellip;]\" \/>\n<meta property=\"og:url\" content=\"https:\/\/birnbeiml.de\/?page_id=16\" \/>\n<meta property=\"og:site_name\" content=\"Birnbeiml - Dreifaltigkeitsberg\" \/>\n<meta property=\"article:modified_time\" content=\"2020-02-09T11:49:45+00:00\" \/>\n<meta name=\"twitter:card\" content=\"summary_large_image\" \/>\n<meta name=\"twitter:label1\" content=\"Gesch\u00e4tzte Lesezeit\" \/>\n\t<meta name=\"twitter:data1\" content=\"1\u00a0Minute\" \/>\n<script type=\"application\/ld+json\" class=\"yoast-schema-graph\">{\"@context\":\"https:\/\/schema.org\",\"@graph\":[{\"@type\":\"WebPage\",\"@id\":\"https:\/\/birnbeiml.de\/?page_id=16\",\"url\":\"https:\/\/birnbeiml.de\/?page_id=16\",\"name\":\"Kapelle - Birnbeiml - Dreifaltigkeitsberg\",\"isPartOf\":{\"@id\":\"https:\/\/birnbeiml.de\/#website\"},\"datePublished\":\"2020-02-09T11:49:44+00:00\",\"dateModified\":\"2020-02-09T11:49:45+00:00\",\"breadcrumb\":{\"@id\":\"https:\/\/birnbeiml.de\/?page_id=16#breadcrumb\"},\"inLanguage\":\"de\",\"potentialAction\":[{\"@type\":\"ReadAction\",\"target\":[\"https:\/\/birnbeiml.de\/?page_id=16\"]}]},{\"@type\":\"BreadcrumbList\",\"@id\":\"https:\/\/birnbeiml.de\/?page_id=16#breadcrumb\",\"itemListElement\":[{\"@type\":\"ListItem\",\"position\":1,\"name\":\"Startseite\",\"item\":\"https:\/\/birnbeiml.de\/\"},{\"@type\":\"ListItem\",\"position\":2,\"name\":\"Kapelle\"}]},{\"@type\":\"WebSite\",\"@id\":\"https:\/\/birnbeiml.de\/#website\",\"url\":\"https:\/\/birnbeiml.de\/\",\"name\":\"Birnbeiml Dreifaltigkeitsberg\",\"description\":\"Dreifaltigkeitsberg bei Muglhof \/ Weiden i.d.OPf. im Naturpark N\u00f6rdlicher Oberpf\u00e4lzer Wald\",\"potentialAction\":[{\"@type\":\"SearchAction\",\"target\":{\"@type\":\"EntryPoint\",\"urlTemplate\":\"https:\/\/birnbeiml.de\/?s={search_term_string}\"},\"query-input\":{\"@type\":\"PropertyValueSpecification\",\"valueRequired\":true,\"valueName\":\"search_term_string\"}}],\"inLanguage\":\"de\"}]}<\/script>\n<!-- \/ Yoast SEO plugin. -->","yoast_head_json":{"title":"Kapelle - Birnbeiml - Dreifaltigkeitsberg","robots":{"index":"index","follow":"follow","max-snippet":"max-snippet:-1","max-image-preview":"max-image-preview:large","max-video-preview":"max-video-preview:-1"},"canonical":"https:\/\/birnbeiml.de\/?page_id=16","og_locale":"de_DE","og_type":"article","og_title":"Kapelle - Birnbeiml - Dreifaltigkeitsberg","og_description":"Die Kapelle auf dem Hl. Dreifaltigkeitsberg bei Muglhof Die Kapelle und der Baum stehen in stiller Eintracht nebeneinander, als w\u00fcrden sie dies schon seit jeher tun. Dabei wurde die Kapelle erst Ende des vergangenen Jahrhunderts unter der Bautr\u00e4gerschaft des Oberpf\u00e4lzer Waldvereins errichtet. Am 05.09.1993 fand, im Rahmen einer Festwoche zur 950-Jahr-Feier der umliegenden Ortschaften Trauschendorf, [&hellip;]","og_url":"https:\/\/birnbeiml.de\/?page_id=16","og_site_name":"Birnbeiml - Dreifaltigkeitsberg","article_modified_time":"2020-02-09T11:49:45+00:00","twitter_card":"summary_large_image","twitter_misc":{"Gesch\u00e4tzte Lesezeit":"1\u00a0Minute"},"schema":{"@context":"https:\/\/schema.org","@graph":[{"@type":"WebPage","@id":"https:\/\/birnbeiml.de\/?page_id=16","url":"https:\/\/birnbeiml.de\/?page_id=16","name":"Kapelle - Birnbeiml - Dreifaltigkeitsberg","isPartOf":{"@id":"https:\/\/birnbeiml.de\/#website"},"datePublished":"2020-02-09T11:49:44+00:00","dateModified":"2020-02-09T11:49:45+00:00","breadcrumb":{"@id":"https:\/\/birnbeiml.de\/?page_id=16#breadcrumb"},"inLanguage":"de","potentialAction":[{"@type":"ReadAction","target":["https:\/\/birnbeiml.de\/?page_id=16"]}]},{"@type":"BreadcrumbList","@id":"https:\/\/birnbeiml.de\/?page_id=16#breadcrumb","itemListElement":[{"@type":"ListItem","position":1,"name":"Startseite","item":"https:\/\/birnbeiml.de\/"},{"@type":"ListItem","position":2,"name":"Kapelle"}]},{"@type":"WebSite","@id":"https:\/\/birnbeiml.de\/#website","url":"https:\/\/birnbeiml.de\/","name":"Birnbeiml Dreifaltigkeitsberg","description":"Dreifaltigkeitsberg bei Muglhof \/ Weiden i.d.OPf. im Naturpark N\u00f6rdlicher Oberpf\u00e4lzer Wald","potentialAction":[{"@type":"SearchAction","target":{"@type":"EntryPoint","urlTemplate":"https:\/\/birnbeiml.de\/?s={search_term_string}"},"query-input":{"@type":"PropertyValueSpecification","valueRequired":true,"valueName":"search_term_string"}}],"inLanguage":"de"}]}},"_links":{"self":[{"href":"https:\/\/birnbeiml.de\/index.php?rest_route=\/wp\/v2\/pages\/16","targetHints":{"allow":["GET"]}}],"collection":[{"href":"https:\/\/birnbeiml.de\/index.php?rest_route=\/wp\/v2\/pages"}],"about":[{"href":"https:\/\/birnbeiml.de\/index.php?rest_route=\/wp\/v2\/types\/page"}],"author":[{"embeddable":true,"href":"https:\/\/birnbeiml.de\/index.php?rest_route=\/wp\/v2\/users\/1"}],"replies":[{"embeddable":true,"href":"https:\/\/birnbeiml.de\/index.php?rest_route=%2Fwp%2Fv2%2Fcomments&post=16"}],"version-history":[{"count":1,"href":"https:\/\/birnbeiml.de\/index.php?rest_route=\/wp\/v2\/pages\/16\/revisions"}],"predecessor-version":[{"id":17,"href":"https:\/\/birnbeiml.de\/index.php?rest_route=\/wp\/v2\/pages\/16\/revisions\/17"}],"wp:attachment":[{"href":"https:\/\/birnbeiml.de\/index.php?rest_route=%2Fwp%2Fv2%2Fmedia&parent=16"}],"curies":[{"name":"wp","href":"https:\/\/api.w.org\/{rel}","templated":true}]}}