{"id":23,"date":"2020-02-09T11:56:29","date_gmt":"2020-02-09T11:56:29","guid":{"rendered":"http:\/\/birnbeiml.de\/?page_id=23"},"modified":"2022-08-28T19:48:31","modified_gmt":"2022-08-28T17:48:31","slug":"wanderwege","status":"publish","type":"page","link":"https:\/\/birnbeiml.de\/?page_id=23","title":{"rendered":"Wanderwege"},"content":{"rendered":"\n<p>Der Hl. Dreifaltigkeitsberg liegt auf der Route zweier Fernwanderwege. Die Zeit f\u00fcr einen kurzen Moment der Einkehr sollte sich jeder Wanderer nehmen.<br><\/p>\n\n\n\n<p>Der Burgenweg f\u00fchrt von Marktredwitz nach Waldm\u00fcnchen.<br>Weitere Informationen zum Burgenweg finden Sie <a href=\"https:\/\/www.owv-hv.de\/wandern\/wanderwege\/burgenweg\" target=\"_blank\" rel=\"noreferrer noopener\">hier.<\/a><br><br>Der Pr\u00e4dikatsweg &#8222;Goldsteig&#8220; f\u00fchrt durch den Oberpf\u00e4lzer Wald und den Bayerischen Wald. Alle Informationen zum Goldsteig finden Sie <a aria-label=\"hier. (\u00f6ffnet in neuem Tab)\" href=\"http:\/\/www.goldsteig-wandern.de\/\" target=\"_blank\" rel=\"noreferrer noopener\">hier.<\/a><br><br>Ruhe und Beschaulichkeit findet man aber auch auf kurzen Wanderungen rund um die ehemalige Gemeinde Muglhof. <\/p>\n","protected":false},"excerpt":{"rendered":"<p>Der Hl. Dreifaltigkeitsberg liegt auf der Route zweier Fernwanderwege. Die Zeit f\u00fcr einen kurzen Moment der Einkehr sollte sich jeder Wanderer nehmen. Der Burgenweg f\u00fchrt von Marktredwitz nach Waldm\u00fcnchen.Weitere Informationen zum Burgenweg finden Sie hier. Der Pr\u00e4dikatsweg &#8222;Goldsteig&#8220; f\u00fchrt durch den Oberpf\u00e4lzer Wald und den Bayerischen Wald. Alle Informationen zum Goldsteig finden Sie hier. Ruhe [&hellip;]<\/p>\n","protected":false},"author":1,"featured_media":0,"parent":0,"menu_order":0,"comment_status":"closed","ping_status":"closed","template":"","meta":{"footnotes":""},"class_list":["post-23","page","type-page","status-publish","hentry"],"yoast_head":"<!-- This site is optimized with the Yoast SEO plugin v24.2 - https:\/\/yoast.com\/wordpress\/plugins\/seo\/ -->\n<title>Wanderwege - Birnbeiml - Dreifaltigkeitsberg<\/title>\n<meta name=\"robots\" content=\"index, follow, max-snippet:-1, max-image-preview:large, max-video-preview:-1\" \/>\n<link rel=\"canonical\" href=\"https:\/\/birnbeiml.de\/?page_id=23\" \/>\n<meta property=\"og:locale\" content=\"de_DE\" \/>\n<meta property=\"og:type\" content=\"article\" \/>\n<meta property=\"og:title\" content=\"Wanderwege - Birnbeiml - Dreifaltigkeitsberg\" \/>\n<meta property=\"og:description\" content=\"Der Hl. Dreifaltigkeitsberg liegt auf der Route zweier Fernwanderwege. Die Zeit f\u00fcr einen kurzen Moment der Einkehr sollte sich jeder Wanderer nehmen. Der Burgenweg f\u00fchrt von Marktredwitz nach Waldm\u00fcnchen.Weitere Informationen zum Burgenweg finden Sie hier. Der Pr\u00e4dikatsweg &#8222;Goldsteig&#8220; f\u00fchrt durch den Oberpf\u00e4lzer Wald und den Bayerischen Wald. Alle Informationen zum Goldsteig finden Sie hier. Ruhe [&hellip;]\" \/>\n<meta property=\"og:url\" content=\"https:\/\/birnbeiml.de\/?page_id=23\" \/>\n<meta property=\"og:site_name\" content=\"Birnbeiml - Dreifaltigkeitsberg\" \/>\n<meta property=\"article:modified_time\" content=\"2022-08-28T17:48:31+00:00\" \/>\n<meta name=\"twitter:card\" content=\"summary_large_image\" \/>\n<meta name=\"twitter:label1\" content=\"Gesch\u00e4tzte Lesezeit\" \/>\n\t<meta name=\"twitter:data1\" content=\"1\u00a0Minute\" \/>\n<script type=\"application\/ld+json\" class=\"yoast-schema-graph\">{\"@context\":\"https:\/\/schema.org\",\"@graph\":[{\"@type\":\"WebPage\",\"@id\":\"https:\/\/birnbeiml.de\/?page_id=23\",\"url\":\"https:\/\/birnbeiml.de\/?page_id=23\",\"name\":\"Wanderwege - Birnbeiml - Dreifaltigkeitsberg\",\"isPartOf\":{\"@id\":\"https:\/\/birnbeiml.de\/#website\"},\"datePublished\":\"2020-02-09T11:56:29+00:00\",\"dateModified\":\"2022-08-28T17:48:31+00:00\",\"breadcrumb\":{\"@id\":\"https:\/\/birnbeiml.de\/?page_id=23#breadcrumb\"},\"inLanguage\":\"de\",\"potentialAction\":[{\"@type\":\"ReadAction\",\"target\":[\"https:\/\/birnbeiml.de\/?page_id=23\"]}]},{\"@type\":\"BreadcrumbList\",\"@id\":\"https:\/\/birnbeiml.de\/?page_id=23#breadcrumb\",\"itemListElement\":[{\"@type\":\"ListItem\",\"position\":1,\"name\":\"Startseite\",\"item\":\"https:\/\/birnbeiml.de\/\"},{\"@type\":\"ListItem\",\"position\":2,\"name\":\"Wanderwege\"}]},{\"@type\":\"WebSite\",\"@id\":\"https:\/\/birnbeiml.de\/#website\",\"url\":\"https:\/\/birnbeiml.de\/\",\"name\":\"Birnbeiml Dreifaltigkeitsberg\",\"description\":\"Dreifaltigkeitsberg bei Muglhof \/ Weiden i.d.OPf. im Naturpark N\u00f6rdlicher Oberpf\u00e4lzer Wald\",\"potentialAction\":[{\"@type\":\"SearchAction\",\"target\":{\"@type\":\"EntryPoint\",\"urlTemplate\":\"https:\/\/birnbeiml.de\/?s={search_term_string}\"},\"query-input\":{\"@type\":\"PropertyValueSpecification\",\"valueRequired\":true,\"valueName\":\"search_term_string\"}}],\"inLanguage\":\"de\"}]}<\/script>\n<!-- \/ Yoast SEO plugin. -->","yoast_head_json":{"title":"Wanderwege - Birnbeiml - Dreifaltigkeitsberg","robots":{"index":"index","follow":"follow","max-snippet":"max-snippet:-1","max-image-preview":"max-image-preview:large","max-video-preview":"max-video-preview:-1"},"canonical":"https:\/\/birnbeiml.de\/?page_id=23","og_locale":"de_DE","og_type":"article","og_title":"Wanderwege - Birnbeiml - Dreifaltigkeitsberg","og_description":"Der Hl. Dreifaltigkeitsberg liegt auf der Route zweier Fernwanderwege. Die Zeit f\u00fcr einen kurzen Moment der Einkehr sollte sich jeder Wanderer nehmen. Der Burgenweg f\u00fchrt von Marktredwitz nach Waldm\u00fcnchen.Weitere Informationen zum Burgenweg finden Sie hier. Der Pr\u00e4dikatsweg &#8222;Goldsteig&#8220; f\u00fchrt durch den Oberpf\u00e4lzer Wald und den Bayerischen Wald. Alle Informationen zum Goldsteig finden Sie hier. Ruhe [&hellip;]","og_url":"https:\/\/birnbeiml.de\/?page_id=23","og_site_name":"Birnbeiml - Dreifaltigkeitsberg","article_modified_time":"2022-08-28T17:48:31+00:00","twitter_card":"summary_large_image","twitter_misc":{"Gesch\u00e4tzte Lesezeit":"1\u00a0Minute"},"schema":{"@context":"https:\/\/schema.org","@graph":[{"@type":"WebPage","@id":"https:\/\/birnbeiml.de\/?page_id=23","url":"https:\/\/birnbeiml.de\/?page_id=23","name":"Wanderwege - Birnbeiml - Dreifaltigkeitsberg","isPartOf":{"@id":"https:\/\/birnbeiml.de\/#website"},"datePublished":"2020-02-09T11:56:29+00:00","dateModified":"2022-08-28T17:48:31+00:00","breadcrumb":{"@id":"https:\/\/birnbeiml.de\/?page_id=23#breadcrumb"},"inLanguage":"de","potentialAction":[{"@type":"ReadAction","target":["https:\/\/birnbeiml.de\/?page_id=23"]}]},{"@type":"BreadcrumbList","@id":"https:\/\/birnbeiml.de\/?page_id=23#breadcrumb","itemListElement":[{"@type":"ListItem","position":1,"name":"Startseite","item":"https:\/\/birnbeiml.de\/"},{"@type":"ListItem","position":2,"name":"Wanderwege"}]},{"@type":"WebSite","@id":"https:\/\/birnbeiml.de\/#website","url":"https:\/\/birnbeiml.de\/","name":"Birnbeiml Dreifaltigkeitsberg","description":"Dreifaltigkeitsberg bei Muglhof \/ Weiden i.d.OPf. im Naturpark N\u00f6rdlicher Oberpf\u00e4lzer Wald","potentialAction":[{"@type":"SearchAction","target":{"@type":"EntryPoint","urlTemplate":"https:\/\/birnbeiml.de\/?s={search_term_string}"},"query-input":{"@type":"PropertyValueSpecification","valueRequired":true,"valueName":"search_term_string"}}],"inLanguage":"de"}]}},"_links":{"self":[{"href":"https:\/\/birnbeiml.de\/index.php?rest_route=\/wp\/v2\/pages\/23","targetHints":{"allow":["GET"]}}],"collection":[{"href":"https:\/\/birnbeiml.de\/index.php?rest_route=\/wp\/v2\/pages"}],"about":[{"href":"https:\/\/birnbeiml.de\/index.php?rest_route=\/wp\/v2\/types\/page"}],"author":[{"embeddable":true,"href":"https:\/\/birnbeiml.de\/index.php?rest_route=\/wp\/v2\/users\/1"}],"replies":[{"embeddable":true,"href":"https:\/\/birnbeiml.de\/index.php?rest_route=%2Fwp%2Fv2%2Fcomments&post=23"}],"version-history":[{"count":4,"href":"https:\/\/birnbeiml.de\/index.php?rest_route=\/wp\/v2\/pages\/23\/revisions"}],"predecessor-version":[{"id":169,"href":"https:\/\/birnbeiml.de\/index.php?rest_route=\/wp\/v2\/pages\/23\/revisions\/169"}],"wp:attachment":[{"href":"https:\/\/birnbeiml.de\/index.php?rest_route=%2Fwp%2Fv2%2Fmedia&parent=23"}],"curies":[{"name":"wp","href":"https:\/\/api.w.org\/{rel}","templated":true}]}}