{"id":39,"date":"2020-02-09T12:08:28","date_gmt":"2020-02-09T12:08:28","guid":{"rendered":"http:\/\/birnbeiml.de\/?page_id=39"},"modified":"2020-02-10T20:39:30","modified_gmt":"2020-02-10T20:39:30","slug":"links-zur-region","status":"publish","type":"page","link":"https:\/\/birnbeiml.de\/?page_id=39","title":{"rendered":"Links zur Region"},"content":{"rendered":"\n<p>Weitere Informationen zur Region finden Sie auf folgenden Seiten:<\/p>\n\n\n\n<p><a href=\"http:\/\/www.oberpfaelzerwald.de\/\">O<\/a><a rel=\"noreferrer noopener\" aria-label=\"berpf\u00e4lzer Wald (\u00f6ffnet in neuem Tab)\" href=\"http:\/\/www.oberpfaelzerwald.de\/\" target=\"_blank\">berpf\u00e4lzer Wald<\/a><br><a href=\"https:\/\/www.oberpfaelzerwald.de\/natur-navi\/index.php\" target=\"_blank\" rel=\"noreferrer noopener\" aria-label=\"Natur-Navi Oberpf\u00e4lzer Wald (\u00f6ffnet in neuem Tab)\">Natur-Navi Oberpf\u00e4lzer Wald<\/a><br><a rel=\"noreferrer noopener\" aria-label=\"Naturpark N\u00f6rdlicher Oberpf\u00e4lzer Wald (\u00f6ffnet in neuem Tab)\" href=\"http:\/\/www.naturpark-now.de\/\" target=\"_blank\">Naturpark N\u00f6rdlicher Oberpf\u00e4lzer Wald<\/a><\/p>\n\n\n\n<p><a href=\"http:\/\/www.muglhof-theater.de\/\">Bergg<\/a><a href=\"http:\/\/www.muglhof-theater.de\/\" target=\"_blank\" rel=\"noreferrer noopener\" aria-label=\"'moi Theater Muglhof (\u00f6ffnet in neuem Tab)\">&#8218;moi Theater Muglhof<\/a><\/p>\n\n\n\n<p><a href=\"http:\/\/www.oberpfaelzer-waldverein.de\/\" target=\"_blank\" rel=\"noreferrer noopener\" aria-label=\" (\u00f6ffnet in neuem Tab)\">Oberpf\u00e4lzer Waldverein &#8211; Hauptverein Weiden<\/a> <\/p>\n","protected":false},"excerpt":{"rendered":"<p>Weitere Informationen zur Region finden Sie auf folgenden Seiten: Oberpf\u00e4lzer WaldNatur-Navi Oberpf\u00e4lzer WaldNaturpark N\u00f6rdlicher Oberpf\u00e4lzer Wald Bergg&#8218;moi Theater Muglhof Oberpf\u00e4lzer Waldverein &#8211; Hauptverein Weiden<\/p>\n","protected":false},"author":1,"featured_media":0,"parent":0,"menu_order":0,"comment_status":"closed","ping_status":"closed","template":"","meta":{"footnotes":""},"class_list":["post-39","page","type-page","status-publish","hentry"],"yoast_head":"<!-- This site is optimized with the Yoast SEO plugin v24.2 - https:\/\/yoast.com\/wordpress\/plugins\/seo\/ -->\n<title>Links zur Region - Birnbeiml - Dreifaltigkeitsberg<\/title>\n<meta name=\"robots\" content=\"index, follow, max-snippet:-1, max-image-preview:large, max-video-preview:-1\" \/>\n<link rel=\"canonical\" href=\"https:\/\/birnbeiml.de\/?page_id=39\" \/>\n<meta property=\"og:locale\" content=\"de_DE\" \/>\n<meta property=\"og:type\" content=\"article\" \/>\n<meta property=\"og:title\" content=\"Links zur Region - Birnbeiml - Dreifaltigkeitsberg\" \/>\n<meta property=\"og:description\" content=\"Weitere Informationen zur Region finden Sie auf folgenden Seiten: Oberpf\u00e4lzer WaldNatur-Navi Oberpf\u00e4lzer WaldNaturpark N\u00f6rdlicher Oberpf\u00e4lzer Wald Bergg&#8218;moi Theater Muglhof Oberpf\u00e4lzer Waldverein &#8211; Hauptverein Weiden\" \/>\n<meta property=\"og:url\" content=\"https:\/\/birnbeiml.de\/?page_id=39\" \/>\n<meta property=\"og:site_name\" content=\"Birnbeiml - Dreifaltigkeitsberg\" \/>\n<meta property=\"article:modified_time\" content=\"2020-02-10T20:39:30+00:00\" \/>\n<meta name=\"twitter:card\" content=\"summary_large_image\" \/>\n<script type=\"application\/ld+json\" class=\"yoast-schema-graph\">{\"@context\":\"https:\/\/schema.org\",\"@graph\":[{\"@type\":\"WebPage\",\"@id\":\"https:\/\/birnbeiml.de\/?page_id=39\",\"url\":\"https:\/\/birnbeiml.de\/?page_id=39\",\"name\":\"Links zur Region - Birnbeiml - Dreifaltigkeitsberg\",\"isPartOf\":{\"@id\":\"https:\/\/birnbeiml.de\/#website\"},\"datePublished\":\"2020-02-09T12:08:28+00:00\",\"dateModified\":\"2020-02-10T20:39:30+00:00\",\"breadcrumb\":{\"@id\":\"https:\/\/birnbeiml.de\/?page_id=39#breadcrumb\"},\"inLanguage\":\"de\",\"potentialAction\":[{\"@type\":\"ReadAction\",\"target\":[\"https:\/\/birnbeiml.de\/?page_id=39\"]}]},{\"@type\":\"BreadcrumbList\",\"@id\":\"https:\/\/birnbeiml.de\/?page_id=39#breadcrumb\",\"itemListElement\":[{\"@type\":\"ListItem\",\"position\":1,\"name\":\"Startseite\",\"item\":\"https:\/\/birnbeiml.de\/\"},{\"@type\":\"ListItem\",\"position\":2,\"name\":\"Links zur Region\"}]},{\"@type\":\"WebSite\",\"@id\":\"https:\/\/birnbeiml.de\/#website\",\"url\":\"https:\/\/birnbeiml.de\/\",\"name\":\"Birnbeiml Dreifaltigkeitsberg\",\"description\":\"Dreifaltigkeitsberg bei Muglhof \/ Weiden i.d.OPf. im Naturpark N\u00f6rdlicher Oberpf\u00e4lzer Wald\",\"potentialAction\":[{\"@type\":\"SearchAction\",\"target\":{\"@type\":\"EntryPoint\",\"urlTemplate\":\"https:\/\/birnbeiml.de\/?s={search_term_string}\"},\"query-input\":{\"@type\":\"PropertyValueSpecification\",\"valueRequired\":true,\"valueName\":\"search_term_string\"}}],\"inLanguage\":\"de\"}]}<\/script>\n<!-- \/ Yoast SEO plugin. -->","yoast_head_json":{"title":"Links zur Region - Birnbeiml - Dreifaltigkeitsberg","robots":{"index":"index","follow":"follow","max-snippet":"max-snippet:-1","max-image-preview":"max-image-preview:large","max-video-preview":"max-video-preview:-1"},"canonical":"https:\/\/birnbeiml.de\/?page_id=39","og_locale":"de_DE","og_type":"article","og_title":"Links zur Region - Birnbeiml - Dreifaltigkeitsberg","og_description":"Weitere Informationen zur Region finden Sie auf folgenden Seiten: Oberpf\u00e4lzer WaldNatur-Navi Oberpf\u00e4lzer WaldNaturpark N\u00f6rdlicher Oberpf\u00e4lzer Wald Bergg&#8218;moi Theater Muglhof Oberpf\u00e4lzer Waldverein &#8211; Hauptverein Weiden","og_url":"https:\/\/birnbeiml.de\/?page_id=39","og_site_name":"Birnbeiml - Dreifaltigkeitsberg","article_modified_time":"2020-02-10T20:39:30+00:00","twitter_card":"summary_large_image","schema":{"@context":"https:\/\/schema.org","@graph":[{"@type":"WebPage","@id":"https:\/\/birnbeiml.de\/?page_id=39","url":"https:\/\/birnbeiml.de\/?page_id=39","name":"Links zur Region - Birnbeiml - Dreifaltigkeitsberg","isPartOf":{"@id":"https:\/\/birnbeiml.de\/#website"},"datePublished":"2020-02-09T12:08:28+00:00","dateModified":"2020-02-10T20:39:30+00:00","breadcrumb":{"@id":"https:\/\/birnbeiml.de\/?page_id=39#breadcrumb"},"inLanguage":"de","potentialAction":[{"@type":"ReadAction","target":["https:\/\/birnbeiml.de\/?page_id=39"]}]},{"@type":"BreadcrumbList","@id":"https:\/\/birnbeiml.de\/?page_id=39#breadcrumb","itemListElement":[{"@type":"ListItem","position":1,"name":"Startseite","item":"https:\/\/birnbeiml.de\/"},{"@type":"ListItem","position":2,"name":"Links zur Region"}]},{"@type":"WebSite","@id":"https:\/\/birnbeiml.de\/#website","url":"https:\/\/birnbeiml.de\/","name":"Birnbeiml Dreifaltigkeitsberg","description":"Dreifaltigkeitsberg bei Muglhof \/ Weiden i.d.OPf. im Naturpark N\u00f6rdlicher Oberpf\u00e4lzer Wald","potentialAction":[{"@type":"SearchAction","target":{"@type":"EntryPoint","urlTemplate":"https:\/\/birnbeiml.de\/?s={search_term_string}"},"query-input":{"@type":"PropertyValueSpecification","valueRequired":true,"valueName":"search_term_string"}}],"inLanguage":"de"}]}},"_links":{"self":[{"href":"https:\/\/birnbeiml.de\/index.php?rest_route=\/wp\/v2\/pages\/39","targetHints":{"allow":["GET"]}}],"collection":[{"href":"https:\/\/birnbeiml.de\/index.php?rest_route=\/wp\/v2\/pages"}],"about":[{"href":"https:\/\/birnbeiml.de\/index.php?rest_route=\/wp\/v2\/types\/page"}],"author":[{"embeddable":true,"href":"https:\/\/birnbeiml.de\/index.php?rest_route=\/wp\/v2\/users\/1"}],"replies":[{"embeddable":true,"href":"https:\/\/birnbeiml.de\/index.php?rest_route=%2Fwp%2Fv2%2Fcomments&post=39"}],"version-history":[{"count":4,"href":"https:\/\/birnbeiml.de\/index.php?rest_route=\/wp\/v2\/pages\/39\/revisions"}],"predecessor-version":[{"id":143,"href":"https:\/\/birnbeiml.de\/index.php?rest_route=\/wp\/v2\/pages\/39\/revisions\/143"}],"wp:attachment":[{"href":"https:\/\/birnbeiml.de\/index.php?rest_route=%2Fwp%2Fv2%2Fmedia&parent=39"}],"curies":[{"name":"wp","href":"https:\/\/api.w.org\/{rel}","templated":true}]}}